{"id":51,"date":"2021-12-13T21:43:13","date_gmt":"2021-12-13T21:43:13","guid":{"rendered":"https:\/\/buckwheatresearch.us.edu.pl\/?page_id=51"},"modified":"2026-02-02T11:09:01","modified_gmt":"2026-02-02T11:09:01","slug":"publications","status":"publish","type":"page","link":"https:\/\/buckwheatresearch.us.edu.pl\/index.php\/publications\/","title":{"rendered":"Publications"},"content":{"rendered":"\n<figure class=\"wp-block-table\"><table class=\"has-fixed-layout\"><tbody><tr><td>P\u00e9rez P\u00e9rez R., Pi\u0144ski A., Milewska-Hendel A.M., Sala-Cholewa K.A., Kostecka-Guga\u0142a A., Petryszak P., Nowak K.E., Rojek-Jelonek M.A., Kwa\u015bniewska J., i Betekhtin A. \u201eComparative Profiling of Phenolic Compounds in Callus Cultures of Fagopyrum Spp.: Insights into <em>F. Esculentum<\/em>, <em>F. Tataricum<\/em>, and <em>F. Homotropicum<\/em>\u201d.\u00a0<em>Plant Cell Tissue and Organ Culture<\/em>, t. 162, 2025, s. 1\u201317, https:\/\/doi.org\/10.1007\/s11240-025-03178-0.<\/td><\/tr><\/tbody><\/table><\/figure>\n\n\n\n<figure class=\"wp-block-table\"><table class=\"has-fixed-layout\"><tbody><tr><td>P\u00e9rez P\u00e9rez R, Pi\u0144ski A, Zaranek MJ, Beckmann M, Mur LAJ, Nowak KE, Rojek-Jelonek MA, Kostecka-Guga\u0142a A, Petryszak P, Grzebelus E, Betekhtin A.\u00a0\u201eEffect of Potent Inhibitors of Phenylalanine Ammonia-Lyase and PVP on<em> in Vitro<\/em> Morphogenesis of <em>Fagopyrum Tataricum<\/em>\u201d.\u00a0<em>BMC Plant Biology<\/em>, t. 25, 2025, s. 1\u201316, https:\/\/doi.org\/10.1186\/s12870-025-06440-x.<\/td><\/tr><\/tbody><\/table><\/figure>\n\n\n\n<figure class=\"wp-block-table\"><table class=\"has-fixed-layout\"><tbody><tr><td><br>Soba\u0144ska, K., G\u0142owacka, K., Krajewski, P., Wojtkowiak, E., Nuc, M., Basi\u0144ska\u2010Barczak, A., Czy\u017c, K. B., Walig\u00f3rski, P., Kruszka, D., Gaba\u0142a, E., Grzywaczyk, A., Zborowska, M., Dro\u017cd\u017cy\u0144ska, A., Mokrzycka, M., Koczyk, G., Cerazy\u2010Waliszewska, J., Milewska-Hendel, A. M., Betekhtin, A., &amp; Pniewski, T.\u201eFrom Stress to Recovery: Divergent Chilling Responses in Contrasting <em>Miscanthus Sinensis<\/em> Genotypes\u201d.\u00a0<em>Global Change Biology Bioenergy<\/em>, t. 17, 12, 2025, s. 1\u201323, https:\/\/doi.org\/10.1111\/gcbb.70087.<\/td><\/tr><\/tbody><\/table><\/figure>\n\n\n\n<figure class=\"wp-block-table\"><table class=\"has-fixed-layout\"><tbody><tr><td>A. Pi\u0144ski, S. M. M. M. M. Mehdi, i A. Betekhtin \u201eMolecular Mechanisms Underlying Abiotic Stress Responses in Buckwheat\u201d.\u00a0<em>Plant Science<\/em>, t. 357, 2025, s. 1\u201320, https:\/\/doi.org\/10.1016\/j.plantsci.2025.112526.<\/td><\/tr><\/tbody><\/table><\/figure>\n\n\n\n<figure class=\"wp-block-table\"><table class=\"has-fixed-layout\"><tbody><tr><td><br>L. S. Berg, A. Betekhtin, A. M. Milewska-Hendel, i M. T. Raissig \u201eStomatal Anatomy and Gas Exchange Dynamics in the <em>Brachypodium Distachyon <\/em>Complex\u201d.\u00a0<em>BMC Plant Biology<\/em>, t. 25, 1, 2025, s. 1\u201316, https:\/\/doi.org\/10.1186\/s12870-025-07312-0.<\/td><\/tr><\/tbody><\/table><\/figure>\n\n\n\n<figure class=\"wp-block-table\"><table class=\"has-fixed-layout\"><tbody><tr><td><br><br>Zaranek, Magdalena Jolanta, Artur Pi\u0144ski, Bozena Skupien-Rabian, Urszula Jankowska, Kamila Godel-J\u0119drychowska, Katarzyna Anna Sala-Cholewa, Katarzyna Ewa Nowak, Ewa Kurczy\u0144ska, Ewa Grzebelus, i Alexander Betekhtin 2025. The cell colony development is connected with the accumulation of embryogenesis-related proteins and dynamic distribution of cell wall components in <em>in vitro<\/em> cultures of <em>Fagopyrum tataricum<\/em> and <em>Fagopyrum esculentum<\/em>.\u00a0<em>BMC Plant Biology<\/em>\u00a0<em>25<\/em>, 1\u201319.<\/td><\/tr><\/tbody><\/table><\/figure>\n\n\n\n<p>Sala-Cholewa, K.A., Tomasiak, A., Nowak, K.E., Pi\u0144ski, A., i Betekhtin, A.\u00a02024. DNA methylation analysis of floral parts revealed dynamic changes during the development of homostylous <em>Fagopyrum tataricum<\/em> and heterostylous <em>F. esculentum<\/em> flowers.\u00a0<em>BMC Plant Biology<\/em>\u00a0<em>24<\/em>, 1\u201314.<\/p>\n\n\n\n<figure class=\"wp-block-table\"><table class=\"has-fixed-layout\"><tbody><tr><td><br>Tomasiak, A., Pi\u0144ski, A., Milewska-Hendel, A.M., i in.\u00a02024. H3K4me3 changes occur in cell wall genes during the development of <em>Fagopyrum tataricum<\/em> morphogenic and non-morphogenic calli.\u00a0<em>Frontiers in Plant Science<\/em>\u00a0<em>15<\/em>, 1\u201314.<\/td><\/tr><\/tbody><\/table><\/figure>\n\n\n\n<p>Sala-Cholewa, K.A., Milewska-Hendel, A.M., P\u00e9rez P\u00e9rez, R., Grzebelus, E., i Betekhtin, A. 2024. Reconstruction pattern of the cell wall in <em>Fagopyrum<\/em> protoplast-derived hybrid cells. Plant Cell Tissue and Organ Culture 157, 1\u201317. https:\/\/doi.org\/10.1007\/s11240-024-02740-6<\/p>\n\n\n\n<p>Betekhtin, Alexander, i Artur Pi\u0144ski, redaktorzy. Buckwheat : Methods and Protocols. T. 2791, Humana Press, 2024, https:\/\/doi.org\/10.1007\/978-1-0716-3794-.<\/p>\n\n\n\n<p class=\"has-text-align-left\">Jha R, Zhang K, He Y, Mendler-Drienyovszki N, Magyar-T\u00e1bori K, Quinet M, Germ M, Kreft I, Megli\u010d V, Ikeda K, Chapman MA, Janovska D, Podolska G, Woo S-H, Studer B, Georgiev MI, Chrungoo N, Betekhtin A, Zhou M. Global nutritional challenges and opportunities: Buckwheat, a potential bridge between nutrient deficiency and food security. Trends in Food Science &amp; Technology. 2024;1\u201368.<\/p>\n\n\n\n<p>Tomasiak A, Sala-Cholewa KA, Berg LS, Br\u0105szewska AJ, Betekhtin A. Global epigenetic analysis revealed dynamic fluctuations in levels of DNA methylation and histone modifications in the calli of <em>Fagopyrum<\/em> with different capacity for morphogenesis. Plant Cell Tissue and Organ Culture. 2023:1\u201315. doi:10.1007\/s11240-023-02595-3<\/p>\n\n\n\n<p>Kwa\u015bniewska J, Betekhtin A. Traditional and Modern Molecular Cytogenetic Approaches to the Study of Mutagen-Induced DNA Damage: A Case of Fagopyrum Species. W: Raina A, Wani MR, Laskar RA, Tomlekova N, Khan S, redaktorzy. Advanced Crop Improvement, Volume 2: Case Studies of Economically Important Crops. 2023. s. 129\u2013144. (Raina A, Wani MR, Laskar RA, Tomlekova N, Khan S. ). doi:10.1007\/978-3-031-26669-0_5<\/p>\n\n\n\n<p>Pi\u0144ski A, Betekhtin A. Efficient <em>Agrobacterium<\/em>-mediated transformation and genome editing of <em>Fagopyrum tataricum<\/em>. Frontiers in Plant Science. 2023;14:1\u20139. doi:10.3389\/fpls.2023.1270150<\/p>\n\n\n\n<p>Zaranek MJ, P\u00e9rez P\u00e9rez R, Milewska-Hendel AM, Betekhtin A, Grzebelus E. Promotive effect of phytosulfokine &#8211; peptide growth factor &#8211; on protoplast cultures development in <em>Fagopyrum tataricum<\/em> (L.) Gaertn. BMC Plant Biology. 2023;23:1\u201315. doi:10.1186\/s12870-023-04402-9<\/p>\n\n\n\n<p>Zaranek MJ, P\u00e9rez P\u00e9rez R, Milewska-Hendel AM, Grzebelus E, Betekhtin A. Efficient and rapid system of plant regeneration via protoplast cultures of <em>Fagopyrum esculentum <\/em>Moench. Plant Cell Tissue and Organ Culture. 2023;154:673\u2013687. doi:10.1007\/s11240-023-02542-2<\/p>\n\n\n\n<p>Editorial: Advances in buckwheat research \/ Artur Pinski, Meiliang Zhou, Alexander Betekhtin. \/\/ Frontiers in Plant Science. &#8211; 2023, <a href=\"https:\/\/doi.org\/10.3389\/fpls.2023.1190090\">https:\/\/doi.org\/10.3389\/fpls.2023.1190090<\/a><\/p>\n\n\n\n<p>Buckwheat in Tissue Culture Research: Current Status and Future Perspectives \/ Alicja Tomasiak, Meiliang Zhou, Alexander Betekhtin. \/\/ International Journal of Molecular Sciences. &#8211; 2022, 23, 2298. <a href=\"https:\/\/doi.org\/10.3390\/ijms23042298\" target=\"_blank\" rel=\"noreferrer noopener\">https:\/\/doi.org\/10.3390\/ijms23042298<\/a><\/p>\n\n\n\n<p>Stability and instability processes in the calli of <em>Fagopyrum tataricum<\/em> that have different morphogenic potentials \/ Alexander Betekhtin, Artur Pi\u0144ski, Anna Milewska-Hendel, Ewa Kurczy\u0144ska, Robert Hasterok.\/\/ Plant Cell, Tissue Organ Cult. &#8211; Vol. 137, iss. 2 (2019), s. 343-357. https:\/\/doi.org\/10.1007\/s11240-019-01575-w<\/p>\n\n\n\n<p>Chromosomes and chromosome studies in buckwheat \/ Alexander Betekhtin, Agnieszka Rybicka, Joanna Wolna, Robert Hasterok.\/\/ W: Buckwheat germplasm in the world. &#8211; Amsterdam : Academic Press, 2018. &#8211; S. 37-44. &#8211; ISBN 978-0-12-811006-5<\/p>\n\n\n\n<p>Nuclear genome stability in long-term cultivated callus lines of <em>Fagopyrum tataricum<\/em> (L.) Gaertn \/ Alexander Betekhtin, Magdalena Rojek, Joanna Ja\u015bkowiak, Anna Milewska-Hendel, Jolanta Kwa\u015bniewska, Yulia Kostyukova, Ewa Kurczy\u0144ska, Natalya Rumyantseva, Robert Hasterok.\/\/ PLoS ONE. &#8211; 2017, no. 3, e0173537, s. 1-17. <a href=\"https:\/\/doi.org\/10.1371\/journal.pone.0173537\">https:\/\/doi.org\/10.1371\/journal.pone.0173537<\/a><\/p>\n","protected":false},"excerpt":{"rendered":"<p>P\u00e9rez P\u00e9rez R., Pi\u0144ski A., Milewska-Hendel A.M., Sala-Cholewa K.A., Kostecka-Guga\u0142a A., Petryszak P., Nowak K.E., Rojek-Jelonek M.A., Kwa\u015bniewska J., i Betekhtin A. \u201eComparative Profiling of&hellip; <\/p>\n","protected":false},"author":1,"featured_media":0,"parent":0,"menu_order":0,"comment_status":"closed","ping_status":"closed","template":"page-templates\/gallery-template.php","meta":{"footnotes":""},"class_list":["post-51","page","type-page","status-publish","hentry"],"yoast_head":"<!-- This site is optimized with the Yoast SEO plugin v27.4 - https:\/\/yoast.com\/product\/yoast-seo-wordpress\/ -->\n<title>Publications - Buckwheat research<\/title>\n<meta name=\"robots\" content=\"index, follow, max-snippet:-1, max-image-preview:large, max-video-preview:-1\" \/>\n<link rel=\"canonical\" href=\"https:\/\/buckwheatresearch.us.edu.pl\/index.php\/publications\/\" \/>\n<meta property=\"og:locale\" content=\"en_US\" \/>\n<meta property=\"og:type\" content=\"article\" \/>\n<meta property=\"og:title\" content=\"Publications - Buckwheat research\" \/>\n<meta property=\"og:description\" content=\"P\u00e9rez P\u00e9rez R., Pi\u0144ski A., Milewska-Hendel A.M., Sala-Cholewa K.A., Kostecka-Guga\u0142a A., Petryszak P., Nowak K.E., Rojek-Jelonek M.A., Kwa\u015bniewska J., i Betekhtin A. \u201eComparative Profiling of&hellip;\" \/>\n<meta property=\"og:url\" content=\"https:\/\/buckwheatresearch.us.edu.pl\/index.php\/publications\/\" \/>\n<meta property=\"og:site_name\" content=\"Buckwheat research\" \/>\n<meta property=\"article:modified_time\" content=\"2026-02-02T11:09:01+00:00\" \/>\n<meta name=\"twitter:card\" content=\"summary_large_image\" \/>\n<meta name=\"twitter:label1\" content=\"Est. reading time\" \/>\n\t<meta name=\"twitter:data1\" content=\"4 minutes\" \/>\n<script type=\"application\/ld+json\" class=\"yoast-schema-graph\">{\"@context\":\"https:\\\/\\\/schema.org\",\"@graph\":[{\"@type\":\"WebPage\",\"@id\":\"https:\\\/\\\/buckwheatresearch.us.edu.pl\\\/index.php\\\/publications\\\/\",\"url\":\"https:\\\/\\\/buckwheatresearch.us.edu.pl\\\/index.php\\\/publications\\\/\",\"name\":\"Publications - Buckwheat research\",\"isPartOf\":{\"@id\":\"https:\\\/\\\/buckwheatresearch.us.edu.pl\\\/#website\"},\"datePublished\":\"2021-12-13T21:43:13+00:00\",\"dateModified\":\"2026-02-02T11:09:01+00:00\",\"breadcrumb\":{\"@id\":\"https:\\\/\\\/buckwheatresearch.us.edu.pl\\\/index.php\\\/publications\\\/#breadcrumb\"},\"inLanguage\":\"en-US\",\"potentialAction\":[{\"@type\":\"ReadAction\",\"target\":[\"https:\\\/\\\/buckwheatresearch.us.edu.pl\\\/index.php\\\/publications\\\/\"]}]},{\"@type\":\"BreadcrumbList\",\"@id\":\"https:\\\/\\\/buckwheatresearch.us.edu.pl\\\/index.php\\\/publications\\\/#breadcrumb\",\"itemListElement\":[{\"@type\":\"ListItem\",\"position\":1,\"name\":\"Home\",\"item\":\"https:\\\/\\\/buckwheatresearch.us.edu.pl\\\/\"},{\"@type\":\"ListItem\",\"position\":2,\"name\":\"Publications\"}]},{\"@type\":\"WebSite\",\"@id\":\"https:\\\/\\\/buckwheatresearch.us.edu.pl\\\/#website\",\"url\":\"https:\\\/\\\/buckwheatresearch.us.edu.pl\\\/\",\"name\":\"Buckwheat research\",\"description\":\"In Plant Cytogenetic and Molecular Biology Group\",\"potentialAction\":[{\"@type\":\"SearchAction\",\"target\":{\"@type\":\"EntryPoint\",\"urlTemplate\":\"https:\\\/\\\/buckwheatresearch.us.edu.pl\\\/?s={search_term_string}\"},\"query-input\":{\"@type\":\"PropertyValueSpecification\",\"valueRequired\":true,\"valueName\":\"search_term_string\"}}],\"inLanguage\":\"en-US\"}]}<\/script>\n<!-- \/ Yoast SEO plugin. -->","yoast_head_json":{"title":"Publications - Buckwheat research","robots":{"index":"index","follow":"follow","max-snippet":"max-snippet:-1","max-image-preview":"max-image-preview:large","max-video-preview":"max-video-preview:-1"},"canonical":"https:\/\/buckwheatresearch.us.edu.pl\/index.php\/publications\/","og_locale":"en_US","og_type":"article","og_title":"Publications - Buckwheat research","og_description":"P\u00e9rez P\u00e9rez R., Pi\u0144ski A., Milewska-Hendel A.M., Sala-Cholewa K.A., Kostecka-Guga\u0142a A., Petryszak P., Nowak K.E., Rojek-Jelonek M.A., Kwa\u015bniewska J., i Betekhtin A. \u201eComparative Profiling of&hellip;","og_url":"https:\/\/buckwheatresearch.us.edu.pl\/index.php\/publications\/","og_site_name":"Buckwheat research","article_modified_time":"2026-02-02T11:09:01+00:00","twitter_card":"summary_large_image","twitter_misc":{"Est. reading time":"4 minutes"},"schema":{"@context":"https:\/\/schema.org","@graph":[{"@type":"WebPage","@id":"https:\/\/buckwheatresearch.us.edu.pl\/index.php\/publications\/","url":"https:\/\/buckwheatresearch.us.edu.pl\/index.php\/publications\/","name":"Publications - Buckwheat research","isPartOf":{"@id":"https:\/\/buckwheatresearch.us.edu.pl\/#website"},"datePublished":"2021-12-13T21:43:13+00:00","dateModified":"2026-02-02T11:09:01+00:00","breadcrumb":{"@id":"https:\/\/buckwheatresearch.us.edu.pl\/index.php\/publications\/#breadcrumb"},"inLanguage":"en-US","potentialAction":[{"@type":"ReadAction","target":["https:\/\/buckwheatresearch.us.edu.pl\/index.php\/publications\/"]}]},{"@type":"BreadcrumbList","@id":"https:\/\/buckwheatresearch.us.edu.pl\/index.php\/publications\/#breadcrumb","itemListElement":[{"@type":"ListItem","position":1,"name":"Home","item":"https:\/\/buckwheatresearch.us.edu.pl\/"},{"@type":"ListItem","position":2,"name":"Publications"}]},{"@type":"WebSite","@id":"https:\/\/buckwheatresearch.us.edu.pl\/#website","url":"https:\/\/buckwheatresearch.us.edu.pl\/","name":"Buckwheat research","description":"In Plant Cytogenetic and Molecular Biology Group","potentialAction":[{"@type":"SearchAction","target":{"@type":"EntryPoint","urlTemplate":"https:\/\/buckwheatresearch.us.edu.pl\/?s={search_term_string}"},"query-input":{"@type":"PropertyValueSpecification","valueRequired":true,"valueName":"search_term_string"}}],"inLanguage":"en-US"}]}},"_links":{"self":[{"href":"https:\/\/buckwheatresearch.us.edu.pl\/index.php\/wp-json\/wp\/v2\/pages\/51","targetHints":{"allow":["GET"]}}],"collection":[{"href":"https:\/\/buckwheatresearch.us.edu.pl\/index.php\/wp-json\/wp\/v2\/pages"}],"about":[{"href":"https:\/\/buckwheatresearch.us.edu.pl\/index.php\/wp-json\/wp\/v2\/types\/page"}],"author":[{"embeddable":true,"href":"https:\/\/buckwheatresearch.us.edu.pl\/index.php\/wp-json\/wp\/v2\/users\/1"}],"replies":[{"embeddable":true,"href":"https:\/\/buckwheatresearch.us.edu.pl\/index.php\/wp-json\/wp\/v2\/comments?post=51"}],"version-history":[{"count":13,"href":"https:\/\/buckwheatresearch.us.edu.pl\/index.php\/wp-json\/wp\/v2\/pages\/51\/revisions"}],"predecessor-version":[{"id":367,"href":"https:\/\/buckwheatresearch.us.edu.pl\/index.php\/wp-json\/wp\/v2\/pages\/51\/revisions\/367"}],"wp:attachment":[{"href":"https:\/\/buckwheatresearch.us.edu.pl\/index.php\/wp-json\/wp\/v2\/media?parent=51"}],"curies":[{"name":"wp","href":"https:\/\/api.w.org\/{rel}","templated":true}]}}